{"id":4316,"date":"2025-01-23T20:20:08","date_gmt":"2025-01-23T20:20:08","guid":{"rendered":"https:\/\/motoshopextreme.ba\/?post_type=product&#038;p=4316"},"modified":"2025-01-23T20:21:03","modified_gmt":"2025-01-23T20:21:03","slug":"prednja-pogonska-osovina-za-cfmoto-cf-moto-400-500-600","status":"publish","type":"product","link":"https:\/\/motoshopextreme.ba\/?product=prednja-pogonska-osovina-za-cfmoto-cf-moto-400-500-600","title":{"rendered":"Prednja pogonska osovina za CFMOTO CF MOTO 400\/500\/600"},"content":{"rendered":"","protected":false},"excerpt":{"rendered":"<p>Originalna prednja pogonska osovina (\u0161ifra proizvoda: 9DQV-270100-3000-M1) dizajnirana je za CFMOTO CF MOTO modele 400, 500 i 600. Ova osovina osigurava efikasan prijenos snage s diferencijala na prednje to\u010dkove, omogu\u0107avaju\u0107i optimalne performanse va\u0161eg vozila.<\/p>\n<p><strong>\u0160ifra proizvoda:<\/strong> 9DQV-270100-3000-M1<\/p>\n<p><strong>Karakteristike:<\/strong><\/p>\n<ul>\n<li>Omogu\u0107ava efikasan prijenos snage na prednje to\u010dkove.<\/li>\n<li>Izra\u0111ena od visokokvalitetnih materijala za dugotrajnost i pouzdanost.<\/li>\n<li>Precizno pristajanje na navedene modele, olak\u0161avaju\u0107i instalaciju.<\/li>\n<\/ul>\n","protected":false},"featured_media":4317,"template":"","meta":[],"product_brand":[],"product_cat":[212],"product_tag":[],"class_list":{"0":"post-4316","1":"product","2":"type-product","3":"status-publish","4":"has-post-thumbnail","6":"product_cat-sasija-cfmoto","8":"first","9":"onbackorder","10":"taxable","11":"shipping-taxable","12":"purchasable","13":"product-type-simple"},"_links":{"self":[{"href":"https:\/\/motoshopextreme.ba\/index.php?rest_route=\/wp\/v2\/product\/4316","targetHints":{"allow":["GET"]}}],"collection":[{"href":"https:\/\/motoshopextreme.ba\/index.php?rest_route=\/wp\/v2\/product"}],"about":[{"href":"https:\/\/motoshopextreme.ba\/index.php?rest_route=\/wp\/v2\/types\/product"}],"wp:featuredmedia":[{"embeddable":true,"href":"https:\/\/motoshopextreme.ba\/index.php?rest_route=\/wp\/v2\/media\/4317"}],"wp:attachment":[{"href":"https:\/\/motoshopextreme.ba\/index.php?rest_route=%2Fwp%2Fv2%2Fmedia&parent=4316"}],"wp:term":[{"taxonomy":"product_brand","embeddable":true,"href":"https:\/\/motoshopextreme.ba\/index.php?rest_route=%2Fwp%2Fv2%2Fproduct_brand&post=4316"},{"taxonomy":"product_cat","embeddable":true,"href":"https:\/\/motoshopextreme.ba\/index.php?rest_route=%2Fwp%2Fv2%2Fproduct_cat&post=4316"},{"taxonomy":"product_tag","embeddable":true,"href":"https:\/\/motoshopextreme.ba\/index.php?rest_route=%2Fwp%2Fv2%2Fproduct_tag&post=4316"}],"curies":[{"name":"wp","href":"https:\/\/api.w.org\/{rel}","templated":true}]}}