{"id":4323,"date":"2025-01-23T20:27:33","date_gmt":"2025-01-23T20:27:33","guid":{"rendered":"https:\/\/motoshopextreme.ba\/?post_type=product&#038;p=4323"},"modified":"2025-01-23T20:30:24","modified_gmt":"2025-01-23T20:30:24","slug":"prednja-gumena-mandzenta-poluosovine-cfmoto-cf-moto","status":"publish","type":"product","link":"https:\/\/motoshopextreme.ba\/?product=prednja-gumena-mandzenta-poluosovine-cfmoto-cf-moto","title":{"rendered":"Prednja Gumena mandzetna poluosovine CFMOTO CF MOTO"},"content":{"rendered":"","protected":false},"excerpt":{"rendered":"<p><strong>\u0160ifra proizvoda:<\/strong> 9GQ0-280150<\/p>\n<p><strong>Karakteristike:<\/strong><\/p>\n<ul>\n<li>\u0160titi zglobove pogonske osovine od prljav\u0161tine i o\u0161te\u0107enja.<\/li>\n<li>Izra\u0111en od visokokvalitetne gume za dugotrajnost i otpornost na habanje.<\/li>\n<li>Precizno pristajanje na navedene modele, olak\u0161avaju\u0107i instalaciju.<\/li>\n<\/ul>\n","protected":false},"featured_media":4324,"template":"","meta":[],"product_brand":[],"product_cat":[212],"product_tag":[],"class_list":{"0":"post-4323","1":"product","2":"type-product","3":"status-publish","4":"has-post-thumbnail","6":"product_cat-sasija-cfmoto","8":"first","9":"onbackorder","10":"taxable","11":"shipping-taxable","12":"purchasable","13":"product-type-simple"},"_links":{"self":[{"href":"https:\/\/motoshopextreme.ba\/index.php?rest_route=\/wp\/v2\/product\/4323","targetHints":{"allow":["GET"]}}],"collection":[{"href":"https:\/\/motoshopextreme.ba\/index.php?rest_route=\/wp\/v2\/product"}],"about":[{"href":"https:\/\/motoshopextreme.ba\/index.php?rest_route=\/wp\/v2\/types\/product"}],"wp:featuredmedia":[{"embeddable":true,"href":"https:\/\/motoshopextreme.ba\/index.php?rest_route=\/wp\/v2\/media\/4324"}],"wp:attachment":[{"href":"https:\/\/motoshopextreme.ba\/index.php?rest_route=%2Fwp%2Fv2%2Fmedia&parent=4323"}],"wp:term":[{"taxonomy":"product_brand","embeddable":true,"href":"https:\/\/motoshopextreme.ba\/index.php?rest_route=%2Fwp%2Fv2%2Fproduct_brand&post=4323"},{"taxonomy":"product_cat","embeddable":true,"href":"https:\/\/motoshopextreme.ba\/index.php?rest_route=%2Fwp%2Fv2%2Fproduct_cat&post=4323"},{"taxonomy":"product_tag","embeddable":true,"href":"https:\/\/motoshopextreme.ba\/index.php?rest_route=%2Fwp%2Fv2%2Fproduct_tag&post=4323"}],"curies":[{"name":"wp","href":"https:\/\/api.w.org\/{rel}","templated":true}]}}