{"id":4325,"date":"2025-01-23T20:32:30","date_gmt":"2025-01-23T20:32:30","guid":{"rendered":"https:\/\/motoshopextreme.ba\/?post_type=product&#038;p=4325"},"modified":"2025-01-23T20:33:31","modified_gmt":"2025-01-23T20:33:31","slug":"pogonska-prirubnica-spojnica-zadnje-osovine-za-cfmoto-cf-moto","status":"publish","type":"product","link":"https:\/\/motoshopextreme.ba\/?product=pogonska-prirubnica-spojnica-zadnje-osovine-za-cfmoto-cf-moto","title":{"rendered":"Pogonska prirubnica spojnica zadnje osovine za CFMOTO CF MOTO"},"content":{"rendered":"","protected":false},"excerpt":{"rendered":"<p>Originalna pogonska spojnica zadnje osovine (\u0161ifra proizvoda: 9CR6-300206-10000) dizajnirana je za CFMOTO CF MOTO modele 450, 550, 625, 800 i 950. Ova komponenta omogu\u0107ava efikasan prijenos snage na zadnje to\u010dkove, osiguravaju\u0107i optimalne performanse va\u0161eg vozila.<\/p>\n<p><strong>\u0160ifra proizvoda:<\/strong> 9CR6-300206-10000<\/p>\n<p><strong>Karakteristike:<\/strong><\/p>\n<ul>\n<li>Omogu\u0107ava efikasan prijenos snage na zadnje to\u010dkove.<\/li>\n<li>Izra\u0111ena od visokokvalitetnih materijala za dugotrajnost i pouzdanost.<\/li>\n<li>Precizno pristajanje na navedene modele, olak\u0161avaju\u0107i instalaciju.<\/li>\n<\/ul>\n","protected":false},"featured_media":4326,"template":"","meta":[],"product_brand":[],"product_cat":[212],"product_tag":[],"class_list":{"0":"post-4325","1":"product","2":"type-product","3":"status-publish","4":"has-post-thumbnail","6":"product_cat-sasija-cfmoto","8":"first","9":"onbackorder","10":"taxable","11":"shipping-taxable","12":"purchasable","13":"product-type-simple"},"_links":{"self":[{"href":"https:\/\/motoshopextreme.ba\/index.php?rest_route=\/wp\/v2\/product\/4325","targetHints":{"allow":["GET"]}}],"collection":[{"href":"https:\/\/motoshopextreme.ba\/index.php?rest_route=\/wp\/v2\/product"}],"about":[{"href":"https:\/\/motoshopextreme.ba\/index.php?rest_route=\/wp\/v2\/types\/product"}],"wp:featuredmedia":[{"embeddable":true,"href":"https:\/\/motoshopextreme.ba\/index.php?rest_route=\/wp\/v2\/media\/4326"}],"wp:attachment":[{"href":"https:\/\/motoshopextreme.ba\/index.php?rest_route=%2Fwp%2Fv2%2Fmedia&parent=4325"}],"wp:term":[{"taxonomy":"product_brand","embeddable":true,"href":"https:\/\/motoshopextreme.ba\/index.php?rest_route=%2Fwp%2Fv2%2Fproduct_brand&post=4325"},{"taxonomy":"product_cat","embeddable":true,"href":"https:\/\/motoshopextreme.ba\/index.php?rest_route=%2Fwp%2Fv2%2Fproduct_cat&post=4325"},{"taxonomy":"product_tag","embeddable":true,"href":"https:\/\/motoshopextreme.ba\/index.php?rest_route=%2Fwp%2Fv2%2Fproduct_tag&post=4325"}],"curies":[{"name":"wp","href":"https:\/\/api.w.org\/{rel}","templated":true}]}}