{"id":4333,"date":"2025-01-23T20:53:36","date_gmt":"2025-01-23T20:53:36","guid":{"rendered":"https:\/\/motoshopextreme.ba\/?post_type=product&#038;p=4333"},"modified":"2025-01-23T20:55:27","modified_gmt":"2025-01-23T20:55:27","slug":"zadnji-bullbar-branik-za-cfmoto-cforce-600-625","status":"publish","type":"product","link":"https:\/\/motoshopextreme.ba\/?product=zadnji-bullbar-branik-za-cfmoto-cforce-600-625","title":{"rendered":"Zadnji bullbar branik za CFMOTO CFORCE 600\/625"},"content":{"rendered":"","protected":false},"excerpt":{"rendered":"<p><strong>\u0160ifra proizvoda:<\/strong> 9DS#-801300-6000<\/p>\n<p><strong>Karakteristike:<\/strong><\/p>\n<ul>\n<li>Izra\u0111en od \u010deli\u010dnih cijevi promjera 32 mm s debljinom zida od 2 mm.<\/li>\n<li>Izdr\u017eljiv, s crnim pra\u0161kastim premazom otpornim na koroziju.<\/li>\n<li>Jednostavna instalacija.<\/li>\n<li>Kompatibilan s CFORCE 600 i 625 modelima.<\/li>\n<\/ul>\n","protected":false},"featured_media":4334,"template":"","meta":[],"product_brand":[],"product_cat":[212],"product_tag":[],"class_list":{"0":"post-4333","1":"product","2":"type-product","3":"status-publish","4":"has-post-thumbnail","6":"product_cat-sasija-cfmoto","8":"first","9":"onbackorder","10":"taxable","11":"shipping-taxable","12":"purchasable","13":"product-type-simple"},"_links":{"self":[{"href":"https:\/\/motoshopextreme.ba\/index.php?rest_route=\/wp\/v2\/product\/4333","targetHints":{"allow":["GET"]}}],"collection":[{"href":"https:\/\/motoshopextreme.ba\/index.php?rest_route=\/wp\/v2\/product"}],"about":[{"href":"https:\/\/motoshopextreme.ba\/index.php?rest_route=\/wp\/v2\/types\/product"}],"wp:featuredmedia":[{"embeddable":true,"href":"https:\/\/motoshopextreme.ba\/index.php?rest_route=\/wp\/v2\/media\/4334"}],"wp:attachment":[{"href":"https:\/\/motoshopextreme.ba\/index.php?rest_route=%2Fwp%2Fv2%2Fmedia&parent=4333"}],"wp:term":[{"taxonomy":"product_brand","embeddable":true,"href":"https:\/\/motoshopextreme.ba\/index.php?rest_route=%2Fwp%2Fv2%2Fproduct_brand&post=4333"},{"taxonomy":"product_cat","embeddable":true,"href":"https:\/\/motoshopextreme.ba\/index.php?rest_route=%2Fwp%2Fv2%2Fproduct_cat&post=4333"},{"taxonomy":"product_tag","embeddable":true,"href":"https:\/\/motoshopextreme.ba\/index.php?rest_route=%2Fwp%2Fv2%2Fproduct_tag&post=4333"}],"curies":[{"name":"wp","href":"https:\/\/api.w.org\/{rel}","templated":true}]}}