{"id":4337,"date":"2025-01-23T21:00:08","date_gmt":"2025-01-23T21:00:08","guid":{"rendered":"https:\/\/motoshopextreme.ba\/?post_type=product&#038;p=4337"},"modified":"2025-01-23T21:00:58","modified_gmt":"2025-01-23T21:00:58","slug":"zastitna-navlaka-za-cfmoto-cf-moto-cforce-modele","status":"publish","type":"product","link":"https:\/\/motoshopextreme.ba\/?product=zastitna-navlaka-za-cfmoto-cf-moto-cforce-modele","title":{"rendered":"Za\u0161titna navlaka za CFMOTO CF MOTO CFORCE modele"},"content":{"rendered":"","protected":false},"excerpt":{"rendered":"<p>Originalna CFMOTO za\u0161titna navlaka (\u0161ifra proizvoda: 85204Z-00600) dizajnirana je za sve CFORCE ATV modele. Ova navlaka pru\u017ea pouzdanu za\u0161titu va\u0161eg vozila od pra\u0161ine, vode i UV zra\u010denja, odr\u017eavaju\u0107i ga \u010distim i za\u0161ti\u0107enim u razli\u010ditim uvjetima.<\/p>\n<p><strong>\u0160ifra proizvoda:<\/strong> 85204Z-00600<\/p>\n<p><strong>Karakteristike:<\/strong><\/p>\n<ul>\n<li>Vodootporna i otporna na pra\u0161inu.<\/li>\n<li>\u0160titi od UV zra\u010denja, sprje\u010davaju\u0107i blije\u0111enje boje.<\/li>\n<li>Prikladna za sve CFMOTO CFORCE modele.<\/li>\n<\/ul>\n","protected":false},"featured_media":4338,"template":"","meta":[],"product_brand":[],"product_cat":[212],"product_tag":[],"class_list":{"0":"post-4337","1":"product","2":"type-product","3":"status-publish","4":"has-post-thumbnail","6":"product_cat-sasija-cfmoto","8":"first","9":"onbackorder","10":"taxable","11":"shipping-taxable","12":"purchasable","13":"product-type-simple"},"_links":{"self":[{"href":"https:\/\/motoshopextreme.ba\/index.php?rest_route=\/wp\/v2\/product\/4337","targetHints":{"allow":["GET"]}}],"collection":[{"href":"https:\/\/motoshopextreme.ba\/index.php?rest_route=\/wp\/v2\/product"}],"about":[{"href":"https:\/\/motoshopextreme.ba\/index.php?rest_route=\/wp\/v2\/types\/product"}],"wp:featuredmedia":[{"embeddable":true,"href":"https:\/\/motoshopextreme.ba\/index.php?rest_route=\/wp\/v2\/media\/4338"}],"wp:attachment":[{"href":"https:\/\/motoshopextreme.ba\/index.php?rest_route=%2Fwp%2Fv2%2Fmedia&parent=4337"}],"wp:term":[{"taxonomy":"product_brand","embeddable":true,"href":"https:\/\/motoshopextreme.ba\/index.php?rest_route=%2Fwp%2Fv2%2Fproduct_brand&post=4337"},{"taxonomy":"product_cat","embeddable":true,"href":"https:\/\/motoshopextreme.ba\/index.php?rest_route=%2Fwp%2Fv2%2Fproduct_cat&post=4337"},{"taxonomy":"product_tag","embeddable":true,"href":"https:\/\/motoshopextreme.ba\/index.php?rest_route=%2Fwp%2Fv2%2Fproduct_tag&post=4337"}],"curies":[{"name":"wp","href":"https:\/\/api.w.org\/{rel}","templated":true}]}}