{"id":4341,"date":"2025-01-23T21:09:04","date_gmt":"2025-01-23T21:09:04","guid":{"rendered":"https:\/\/motoshopextreme.ba\/?post_type=product&#038;p=4341"},"modified":"2025-01-23T21:10:03","modified_gmt":"2025-01-23T21:10:03","slug":"prednja-kofer-kosara-za-cfmoto-cforce-600-625","status":"publish","type":"product","link":"https:\/\/motoshopextreme.ba\/?product=prednja-kofer-kosara-za-cfmoto-cforce-600-625","title":{"rendered":"Prednja kofer ko\u0161ara za CFMOTO CFORCE 600\/625"},"content":{"rendered":"","protected":false},"excerpt":{"rendered":"<p>Originalna prednja ko\u0161ara (\u0161ifra proizvoda: 9DSV-802100-6000) dizajnirana je za modele CFMOTO CFORCE 600 i 625. Ova otvorena ko\u0161ara pove\u0107ava prostor za prtljagu, omogu\u0107uju\u0107i jednostavan pristup i sigurno pri\u010dvr\u0161\u0107ivanje tereta tokom vo\u017enje.<\/p>\n<p><strong>\u0160ifra proizvoda:<\/strong> 9DSV-802100-6000<\/p>\n<p><strong>Karakteristike:<\/strong><\/p>\n<ul>\n<li>Otvoreni dizajn koji pove\u0107ava prostor za prtljagu.<\/li>\n<li>Koristi CFConnect stezaljke za jednostavnu instalaciju bez alata.<\/li>\n<li>Vi\u0161estruke ta\u010dke za vezivanje tereta.<\/li>\n<li>Drena\u017eni otvori za sprje\u010davanje nakupljanja vode i prljav\u0161tine.<\/li>\n<\/ul>\n","protected":false},"featured_media":4342,"template":"","meta":[],"product_brand":[],"product_cat":[212],"product_tag":[],"class_list":{"0":"post-4341","1":"product","2":"type-product","3":"status-publish","4":"has-post-thumbnail","6":"product_cat-sasija-cfmoto","8":"first","9":"onbackorder","10":"taxable","11":"shipping-taxable","12":"purchasable","13":"product-type-simple"},"_links":{"self":[{"href":"https:\/\/motoshopextreme.ba\/index.php?rest_route=\/wp\/v2\/product\/4341","targetHints":{"allow":["GET"]}}],"collection":[{"href":"https:\/\/motoshopextreme.ba\/index.php?rest_route=\/wp\/v2\/product"}],"about":[{"href":"https:\/\/motoshopextreme.ba\/index.php?rest_route=\/wp\/v2\/types\/product"}],"wp:featuredmedia":[{"embeddable":true,"href":"https:\/\/motoshopextreme.ba\/index.php?rest_route=\/wp\/v2\/media\/4342"}],"wp:attachment":[{"href":"https:\/\/motoshopextreme.ba\/index.php?rest_route=%2Fwp%2Fv2%2Fmedia&parent=4341"}],"wp:term":[{"taxonomy":"product_brand","embeddable":true,"href":"https:\/\/motoshopextreme.ba\/index.php?rest_route=%2Fwp%2Fv2%2Fproduct_brand&post=4341"},{"taxonomy":"product_cat","embeddable":true,"href":"https:\/\/motoshopextreme.ba\/index.php?rest_route=%2Fwp%2Fv2%2Fproduct_cat&post=4341"},{"taxonomy":"product_tag","embeddable":true,"href":"https:\/\/motoshopextreme.ba\/index.php?rest_route=%2Fwp%2Fv2%2Fproduct_tag&post=4341"}],"curies":[{"name":"wp","href":"https:\/\/api.w.org\/{rel}","templated":true}]}}