{"id":4347,"date":"2025-01-24T09:11:25","date_gmt":"2025-01-24T09:11:25","guid":{"rendered":"https:\/\/motoshopextreme.ba\/?post_type=product&#038;p=4347"},"modified":"2025-01-24T09:14:56","modified_gmt":"2025-01-24T09:14:56","slug":"sajla-parking-rucne-kocnice-za-cfmoto-cforce-600-625","status":"publish","type":"product","link":"https:\/\/motoshopextreme.ba\/?product=sajla-parking-rucne-kocnice-za-cfmoto-cforce-600-625","title":{"rendered":"Sajla parking ru\u010dne ko\u010dnice za CFMOTO CFORCE 600 625"},"content":{"rendered":"","protected":false},"excerpt":{"rendered":"<p>Originalna sajla ru\u010dne ko\u010dnice (\u0161ifra proizvoda: 9CRB-082100-20000) dizajnirana je za model CFMOTO CFORCE 600. Ova sajla omogu\u0107ava u\u010dinkovito aktiviranje ru\u010dne ko\u010dnice, osiguravaju\u0107i sigurnost i stabilnost va\u0161eg vozila prilikom parkiranja.<\/p>\n<p><strong>\u0160ifra proizvoda:<\/strong> 9CRB-082100-20000<\/p>\n<p><strong>Karakteristike:<\/strong><\/p>\n<ul>\n<li>Precizno pristajanje za CFMOTO CFORCE 600 model.<\/li>\n<li>Izra\u0111ena od visokokvalitetnih materijala za dugotrajnost i otpornost na habanje.<\/li>\n<li>Osigurava pouzdano i glatko funkcioniranje ru\u010dne ko\u010dnice.<\/li>\n<\/ul>\n<p>&nbsp;<\/p>\n","protected":false},"featured_media":4348,"template":"","meta":[],"product_brand":[],"product_cat":[212],"product_tag":[],"class_list":{"0":"post-4347","1":"product","2":"type-product","3":"status-publish","4":"has-post-thumbnail","6":"product_cat-sasija-cfmoto","8":"first","9":"onbackorder","10":"taxable","11":"shipping-taxable","12":"purchasable","13":"product-type-simple"},"_links":{"self":[{"href":"https:\/\/motoshopextreme.ba\/index.php?rest_route=\/wp\/v2\/product\/4347","targetHints":{"allow":["GET"]}}],"collection":[{"href":"https:\/\/motoshopextreme.ba\/index.php?rest_route=\/wp\/v2\/product"}],"about":[{"href":"https:\/\/motoshopextreme.ba\/index.php?rest_route=\/wp\/v2\/types\/product"}],"wp:featuredmedia":[{"embeddable":true,"href":"https:\/\/motoshopextreme.ba\/index.php?rest_route=\/wp\/v2\/media\/4348"}],"wp:attachment":[{"href":"https:\/\/motoshopextreme.ba\/index.php?rest_route=%2Fwp%2Fv2%2Fmedia&parent=4347"}],"wp:term":[{"taxonomy":"product_brand","embeddable":true,"href":"https:\/\/motoshopextreme.ba\/index.php?rest_route=%2Fwp%2Fv2%2Fproduct_brand&post=4347"},{"taxonomy":"product_cat","embeddable":true,"href":"https:\/\/motoshopextreme.ba\/index.php?rest_route=%2Fwp%2Fv2%2Fproduct_cat&post=4347"},{"taxonomy":"product_tag","embeddable":true,"href":"https:\/\/motoshopextreme.ba\/index.php?rest_route=%2Fwp%2Fv2%2Fproduct_tag&post=4347"}],"curies":[{"name":"wp","href":"https:\/\/api.w.org\/{rel}","templated":true}]}}