{"id":4351,"date":"2025-01-25T08:51:57","date_gmt":"2025-01-25T08:51:57","guid":{"rendered":"https:\/\/motoshopextreme.ba\/?post_type=product&#038;p=4351"},"modified":"2025-01-25T08:52:47","modified_gmt":"2025-01-25T08:52:47","slug":"pumpa-za-gorivo-za-cfmoto-cforce-450-550-600-625","status":"publish","type":"product","link":"https:\/\/motoshopextreme.ba\/?product=pumpa-za-gorivo-za-cfmoto-cforce-450-550-600-625","title":{"rendered":"Pumpa za gorivo za CFMOTO CFORCE 450\/550\/600\/625"},"content":{"rendered":"","protected":false},"excerpt":{"rendered":"<p><strong>\u0160ifra proizvoda:<\/strong> 9CQ#-150900-6000<\/p>\n<p><strong>Karakteristike:<\/strong><\/p>\n<ul>\n<li>Uklju\u010duje pumpu za gorivo, plasti\u010dni nosa\u010d, preliminarni filter, fini filter i regulator pritiska.<\/li>\n<li>Osigurava stabilnu opskrbu gorivom pod odre\u0111enim pritiskom i protokom.<\/li>\n<li>Smje\u0161tena unutar rezervoara za gorivo radi efikasnosti i za\u0161tite.<\/li>\n<\/ul>\n","protected":false},"featured_media":4352,"template":"","meta":[],"product_brand":[],"product_cat":[212],"product_tag":[],"class_list":{"0":"post-4351","1":"product","2":"type-product","3":"status-publish","4":"has-post-thumbnail","6":"product_cat-sasija-cfmoto","8":"first","9":"onbackorder","10":"taxable","11":"shipping-taxable","12":"purchasable","13":"product-type-simple"},"_links":{"self":[{"href":"https:\/\/motoshopextreme.ba\/index.php?rest_route=\/wp\/v2\/product\/4351","targetHints":{"allow":["GET"]}}],"collection":[{"href":"https:\/\/motoshopextreme.ba\/index.php?rest_route=\/wp\/v2\/product"}],"about":[{"href":"https:\/\/motoshopextreme.ba\/index.php?rest_route=\/wp\/v2\/types\/product"}],"wp:featuredmedia":[{"embeddable":true,"href":"https:\/\/motoshopextreme.ba\/index.php?rest_route=\/wp\/v2\/media\/4352"}],"wp:attachment":[{"href":"https:\/\/motoshopextreme.ba\/index.php?rest_route=%2Fwp%2Fv2%2Fmedia&parent=4351"}],"wp:term":[{"taxonomy":"product_brand","embeddable":true,"href":"https:\/\/motoshopextreme.ba\/index.php?rest_route=%2Fwp%2Fv2%2Fproduct_brand&post=4351"},{"taxonomy":"product_cat","embeddable":true,"href":"https:\/\/motoshopextreme.ba\/index.php?rest_route=%2Fwp%2Fv2%2Fproduct_cat&post=4351"},{"taxonomy":"product_tag","embeddable":true,"href":"https:\/\/motoshopextreme.ba\/index.php?rest_route=%2Fwp%2Fv2%2Fproduct_tag&post=4351"}],"curies":[{"name":"wp","href":"https:\/\/api.w.org\/{rel}","templated":true}]}}