{"id":4356,"date":"2025-01-25T08:57:46","date_gmt":"2025-01-25T08:57:46","guid":{"rendered":"https:\/\/motoshopextreme.ba\/?post_type=product&#038;p=4356"},"modified":"2025-01-25T08:58:30","modified_gmt":"2025-01-25T08:58:30","slug":"poklopac-straznjeg-nosaca-za-cfmoto-cf-moto-600-625","status":"publish","type":"product","link":"https:\/\/motoshopextreme.ba\/?product=poklopac-straznjeg-nosaca-za-cfmoto-cf-moto-600-625","title":{"rendered":"Poklopac stra\u017enjeg nosa\u010da za CFMOTO CF MOTO 600\/625"},"content":{"rendered":"","protected":false},"excerpt":{"rendered":"<p><strong>\u0160ifra proizvoda:<\/strong> 9DSV-140013-6K00<\/p>\n<p><strong>Karakteristike:<\/strong><\/p>\n<ul>\n<li>Pru\u017ea za\u0161titu stra\u017enjeg nosa\u010da.<\/li>\n<li>Izra\u0111en od visokokvalitetnih materijala za dugotrajnost.<\/li>\n<li>Precizno pristajanje na navedene modele, olak\u0161avaju\u0107i instalaciju.<\/li>\n<\/ul>\n","protected":false},"featured_media":4357,"template":"","meta":[],"product_brand":[],"product_cat":[212],"product_tag":[],"class_list":{"0":"post-4356","1":"product","2":"type-product","3":"status-publish","4":"has-post-thumbnail","6":"product_cat-sasija-cfmoto","8":"first","9":"onbackorder","10":"taxable","11":"shipping-taxable","12":"purchasable","13":"product-type-simple"},"_links":{"self":[{"href":"https:\/\/motoshopextreme.ba\/index.php?rest_route=\/wp\/v2\/product\/4356","targetHints":{"allow":["GET"]}}],"collection":[{"href":"https:\/\/motoshopextreme.ba\/index.php?rest_route=\/wp\/v2\/product"}],"about":[{"href":"https:\/\/motoshopextreme.ba\/index.php?rest_route=\/wp\/v2\/types\/product"}],"wp:featuredmedia":[{"embeddable":true,"href":"https:\/\/motoshopextreme.ba\/index.php?rest_route=\/wp\/v2\/media\/4357"}],"wp:attachment":[{"href":"https:\/\/motoshopextreme.ba\/index.php?rest_route=%2Fwp%2Fv2%2Fmedia&parent=4356"}],"wp:term":[{"taxonomy":"product_brand","embeddable":true,"href":"https:\/\/motoshopextreme.ba\/index.php?rest_route=%2Fwp%2Fv2%2Fproduct_brand&post=4356"},{"taxonomy":"product_cat","embeddable":true,"href":"https:\/\/motoshopextreme.ba\/index.php?rest_route=%2Fwp%2Fv2%2Fproduct_cat&post=4356"},{"taxonomy":"product_tag","embeddable":true,"href":"https:\/\/motoshopextreme.ba\/index.php?rest_route=%2Fwp%2Fv2%2Fproduct_tag&post=4356"}],"curies":[{"name":"wp","href":"https:\/\/api.w.org\/{rel}","templated":true}]}}