{"id":4378,"date":"2025-01-25T18:16:50","date_gmt":"2025-01-25T18:16:50","guid":{"rendered":"https:\/\/motoshopextreme.ba\/?post_type=product&#038;p=4378"},"modified":"2025-02-28T18:38:41","modified_gmt":"2025-02-28T18:38:41","slug":"poklopac-straznjeg-nosaca-za-cfmoto-cf-moto-800-1000","status":"publish","type":"product","link":"https:\/\/motoshopextreme.ba\/?product=poklopac-straznjeg-nosaca-za-cfmoto-cf-moto-800-1000","title":{"rendered":"Poklopac stra\u017enjeg nosa\u010da za CFMOTO CF MOTO 800\/1000"},"content":{"rendered":"","protected":false},"excerpt":{"rendered":"<p>Originalni poklopac stra\u017enjeg nosa\u010da (\u0161ifra proizvoda: 9AWA-141004) dizajniran je za CFMOTO CF MOTO modele 800 i 1000. Ovaj poklopac \u0161titi stra\u017enji nosa\u010d od o\u0161te\u0107enja i vanjskih utjecaja, osiguravaju\u0107i dugotrajnost i o\u010duvanje estetskog izgleda va\u0161eg vozila.<\/p>\n<p><strong>\u0160ifra proizvoda:<\/strong> 9AWA-141004<\/p>\n<p><strong>Karakteristike:<\/strong><\/p>\n<ul>\n<li>Pru\u017ea za\u0161titu stra\u017enjeg nosa\u010da od o\u0161te\u0107enja i vanjskih utjecaja.<\/li>\n<li>Izra\u0111en od visokokvalitetnih materijala za dugotrajnost i otpornost na habanje.<\/li>\n<li>Precizno pristajanje na navedene modele, olak\u0161avaju\u0107i instalaciju.<\/li>\n<\/ul>\n","protected":false},"featured_media":4379,"template":"","meta":[],"product_brand":[],"product_cat":[212],"product_tag":[],"class_list":{"0":"post-4378","1":"product","2":"type-product","3":"status-publish","4":"has-post-thumbnail","6":"product_cat-sasija-cfmoto","8":"first","9":"onbackorder","10":"taxable","11":"shipping-taxable","12":"purchasable","13":"product-type-simple"},"_links":{"self":[{"href":"https:\/\/motoshopextreme.ba\/index.php?rest_route=\/wp\/v2\/product\/4378","targetHints":{"allow":["GET"]}}],"collection":[{"href":"https:\/\/motoshopextreme.ba\/index.php?rest_route=\/wp\/v2\/product"}],"about":[{"href":"https:\/\/motoshopextreme.ba\/index.php?rest_route=\/wp\/v2\/types\/product"}],"wp:featuredmedia":[{"embeddable":true,"href":"https:\/\/motoshopextreme.ba\/index.php?rest_route=\/wp\/v2\/media\/4379"}],"wp:attachment":[{"href":"https:\/\/motoshopextreme.ba\/index.php?rest_route=%2Fwp%2Fv2%2Fmedia&parent=4378"}],"wp:term":[{"taxonomy":"product_brand","embeddable":true,"href":"https:\/\/motoshopextreme.ba\/index.php?rest_route=%2Fwp%2Fv2%2Fproduct_brand&post=4378"},{"taxonomy":"product_cat","embeddable":true,"href":"https:\/\/motoshopextreme.ba\/index.php?rest_route=%2Fwp%2Fv2%2Fproduct_cat&post=4378"},{"taxonomy":"product_tag","embeddable":true,"href":"https:\/\/motoshopextreme.ba\/index.php?rest_route=%2Fwp%2Fv2%2Fproduct_tag&post=4378"}],"curies":[{"name":"wp","href":"https:\/\/api.w.org\/{rel}","templated":true}]}}