{"id":4395,"date":"2025-01-25T18:39:59","date_gmt":"2025-01-25T18:39:59","guid":{"rendered":"https:\/\/motoshopextreme.ba\/?post_type=product&#038;p=4395"},"modified":"2025-01-25T18:41:55","modified_gmt":"2025-01-25T18:41:55","slug":"ventilator-hladnjaka-za-cfmoto-cf-moto-800-1000","status":"publish","type":"product","link":"https:\/\/motoshopextreme.ba\/?product=ventilator-hladnjaka-za-cfmoto-cf-moto-800-1000","title":{"rendered":"Ventilator hladnjaka za CFMOTO CF MOTO 800\/1000"},"content":{"rendered":"","protected":false},"excerpt":{"rendered":"<p>Originalni ventilator hladnjaka (\u0161ifra proizvoda: 9AWA-181200-40001) dizajniran je za CFMOTO CF MOTO modele 800 i 1000. Ovaj ventilator osigurava u\u010dinkovito hla\u0111enje motora odr\u017eavaju\u0107i optimalnu radnu temperaturu i sprje\u010davaju\u0107i pregrijavanje.<\/p>\n<p><strong>\u0160ifra proizvoda:<\/strong> 9AWA-181200-40001<\/p>\n<p><strong>Karakteristike:<\/strong><\/p>\n<ul>\n<li>Osigurava u\u010dinkovito hla\u0111enje motora odr\u017eavanjem optimalne radne temperature.<\/li>\n<li>Izra\u0111en od visokokvalitetnih materijala za dugotrajnost i pouzdanost.<\/li>\n<li>Precizno pristajanje na navedene modele, olak\u0161avaju\u0107i instalaciju.<\/li>\n<\/ul>\n","protected":false},"featured_media":4396,"template":"","meta":[],"product_brand":[],"product_cat":[212],"product_tag":[],"class_list":{"0":"post-4395","1":"product","2":"type-product","3":"status-publish","4":"has-post-thumbnail","6":"product_cat-sasija-cfmoto","8":"first","9":"onbackorder","10":"taxable","11":"shipping-taxable","12":"purchasable","13":"product-type-simple"},"_links":{"self":[{"href":"https:\/\/motoshopextreme.ba\/index.php?rest_route=\/wp\/v2\/product\/4395","targetHints":{"allow":["GET"]}}],"collection":[{"href":"https:\/\/motoshopextreme.ba\/index.php?rest_route=\/wp\/v2\/product"}],"about":[{"href":"https:\/\/motoshopextreme.ba\/index.php?rest_route=\/wp\/v2\/types\/product"}],"wp:featuredmedia":[{"embeddable":true,"href":"https:\/\/motoshopextreme.ba\/index.php?rest_route=\/wp\/v2\/media\/4396"}],"wp:attachment":[{"href":"https:\/\/motoshopextreme.ba\/index.php?rest_route=%2Fwp%2Fv2%2Fmedia&parent=4395"}],"wp:term":[{"taxonomy":"product_brand","embeddable":true,"href":"https:\/\/motoshopextreme.ba\/index.php?rest_route=%2Fwp%2Fv2%2Fproduct_brand&post=4395"},{"taxonomy":"product_cat","embeddable":true,"href":"https:\/\/motoshopextreme.ba\/index.php?rest_route=%2Fwp%2Fv2%2Fproduct_cat&post=4395"},{"taxonomy":"product_tag","embeddable":true,"href":"https:\/\/motoshopextreme.ba\/index.php?rest_route=%2Fwp%2Fv2%2Fproduct_tag&post=4395"}],"curies":[{"name":"wp","href":"https:\/\/api.w.org\/{rel}","templated":true}]}}