{"id":4397,"date":"2025-01-25T18:43:33","date_gmt":"2025-01-25T18:43:33","guid":{"rendered":"https:\/\/motoshopextreme.ba\/?post_type=product&#038;p=4397"},"modified":"2025-01-25T18:44:37","modified_gmt":"2025-01-25T18:44:37","slug":"prednja-lijeva-pogonska-osovina-za-cfmoto-cf-moto-800-1000","status":"publish","type":"product","link":"https:\/\/motoshopextreme.ba\/?product=prednja-lijeva-pogonska-osovina-za-cfmoto-cf-moto-800-1000","title":{"rendered":"Prednja lijeva pogonska osovina za CFMOTO CF MOTO 800\/1000"},"content":{"rendered":"","protected":false},"excerpt":{"rendered":"<p>Originalna prednja lijeva pogonska osovina (\u0161ifra proizvoda: 9AY0-270100) dizajnirana je za CFMOTO CF MOTO modele 800 i 1000, uklju\u010duju\u0107i CFORCE 800 XC i CFORCE 1000 Overland. Ova osovina osigurava prijenos snage s diferencijala na prednji lijevi kota\u010d, omogu\u0107uju\u0107i u\u010dinkovito kretanje i upravljanje vozilom.<\/p>\n<p><strong>\u0160ifra proizvoda:<\/strong> 9AY0-270100<\/p>\n<p><strong>Karakteristike:<\/strong><\/p>\n<ul>\n<li>Osigurava prijenos snage s diferencijala na prednji lijevi kota\u010d.<\/li>\n<li>Izra\u0111ena od visokokvalitetnih materijala za dugotrajnost i otpornost na habanje.<\/li>\n<li>Precizno pristajanje na navedene modele, olak\u0161avaju\u0107i instalaciju.<\/li>\n<\/ul>\n","protected":false},"featured_media":4398,"template":"","meta":[],"product_brand":[],"product_cat":[212],"product_tag":[],"class_list":{"0":"post-4397","1":"product","2":"type-product","3":"status-publish","4":"has-post-thumbnail","6":"product_cat-sasija-cfmoto","8":"first","9":"onbackorder","10":"taxable","11":"shipping-taxable","12":"purchasable","13":"product-type-simple"},"_links":{"self":[{"href":"https:\/\/motoshopextreme.ba\/index.php?rest_route=\/wp\/v2\/product\/4397","targetHints":{"allow":["GET"]}}],"collection":[{"href":"https:\/\/motoshopextreme.ba\/index.php?rest_route=\/wp\/v2\/product"}],"about":[{"href":"https:\/\/motoshopextreme.ba\/index.php?rest_route=\/wp\/v2\/types\/product"}],"wp:featuredmedia":[{"embeddable":true,"href":"https:\/\/motoshopextreme.ba\/index.php?rest_route=\/wp\/v2\/media\/4398"}],"wp:attachment":[{"href":"https:\/\/motoshopextreme.ba\/index.php?rest_route=%2Fwp%2Fv2%2Fmedia&parent=4397"}],"wp:term":[{"taxonomy":"product_brand","embeddable":true,"href":"https:\/\/motoshopextreme.ba\/index.php?rest_route=%2Fwp%2Fv2%2Fproduct_brand&post=4397"},{"taxonomy":"product_cat","embeddable":true,"href":"https:\/\/motoshopextreme.ba\/index.php?rest_route=%2Fwp%2Fv2%2Fproduct_cat&post=4397"},{"taxonomy":"product_tag","embeddable":true,"href":"https:\/\/motoshopextreme.ba\/index.php?rest_route=%2Fwp%2Fv2%2Fproduct_tag&post=4397"}],"curies":[{"name":"wp","href":"https:\/\/api.w.org\/{rel}","templated":true}]}}