{"id":4405,"date":"2025-01-25T18:56:09","date_gmt":"2025-01-25T18:56:09","guid":{"rendered":"https:\/\/motoshopextreme.ba\/?post_type=product&#038;p=4405"},"modified":"2025-01-25T18:57:30","modified_gmt":"2025-01-25T18:57:30","slug":"prednji-branik-za-cfmoto-cf-moto-1000-overland","status":"publish","type":"product","link":"https:\/\/motoshopextreme.ba\/?product=prednji-branik-za-cfmoto-cf-moto-1000-overland","title":{"rendered":"Prednji branik za CFMOTO CF MOTO 1000 Overland"},"content":{"rendered":"","protected":false},"excerpt":{"rendered":"<p>Originalni prednji branik (\u0161ifra proizvoda: 9AYV-801100-2A01-0BP00) dizajniran je za CFMOTO CF MOTO modele 1000 Overland. Ovaj branik pru\u017ea dodatnu za\u0161titu prednjem dijelu va\u0161eg vozila, \u0161tite\u0107i ga od o\u0161te\u0107enja tijekom vo\u017enje po zahtjevnim terenima.<\/p>\n<p><strong>\u0160ifra proizvoda:<\/strong> 9AYV-801100-2A01-0BP00<\/p>\n<p><strong>Karakteristike:<\/strong><\/p>\n<ul>\n<li>Pru\u017ea dodatnu za\u0161titu prednjem dijelu vozila.<\/li>\n<li>Izra\u0111en od visokokvalitetnih materijala za dugotrajnost i otpornost na udarce.<\/li>\n<li>Precizno pristajanje na navedene modele, olak\u0161avaju\u0107i instalaciju.<\/li>\n<\/ul>\n","protected":false},"featured_media":4406,"template":"","meta":[],"product_brand":[],"product_cat":[212],"product_tag":[],"class_list":{"0":"post-4405","1":"product","2":"type-product","3":"status-publish","4":"has-post-thumbnail","6":"product_cat-sasija-cfmoto","8":"first","9":"onbackorder","10":"taxable","11":"shipping-taxable","12":"purchasable","13":"product-type-simple"},"_links":{"self":[{"href":"https:\/\/motoshopextreme.ba\/index.php?rest_route=\/wp\/v2\/product\/4405","targetHints":{"allow":["GET"]}}],"collection":[{"href":"https:\/\/motoshopextreme.ba\/index.php?rest_route=\/wp\/v2\/product"}],"about":[{"href":"https:\/\/motoshopextreme.ba\/index.php?rest_route=\/wp\/v2\/types\/product"}],"wp:featuredmedia":[{"embeddable":true,"href":"https:\/\/motoshopextreme.ba\/index.php?rest_route=\/wp\/v2\/media\/4406"}],"wp:attachment":[{"href":"https:\/\/motoshopextreme.ba\/index.php?rest_route=%2Fwp%2Fv2%2Fmedia&parent=4405"}],"wp:term":[{"taxonomy":"product_brand","embeddable":true,"href":"https:\/\/motoshopextreme.ba\/index.php?rest_route=%2Fwp%2Fv2%2Fproduct_brand&post=4405"},{"taxonomy":"product_cat","embeddable":true,"href":"https:\/\/motoshopextreme.ba\/index.php?rest_route=%2Fwp%2Fv2%2Fproduct_cat&post=4405"},{"taxonomy":"product_tag","embeddable":true,"href":"https:\/\/motoshopextreme.ba\/index.php?rest_route=%2Fwp%2Fv2%2Fproduct_tag&post=4405"}],"curies":[{"name":"wp","href":"https:\/\/api.w.org\/{rel}","templated":true}]}}