{"id":4422,"date":"2025-01-25T19:38:25","date_gmt":"2025-01-25T19:38:25","guid":{"rendered":"https:\/\/motoshopextreme.ba\/?post_type=product&#038;p=4422"},"modified":"2025-01-25T19:39:11","modified_gmt":"2025-01-25T19:39:11","slug":"rucica-parkirne-kocnice-za-cfmoto-cf-moto-goes-terrox","status":"publish","type":"product","link":"https:\/\/motoshopextreme.ba\/?product=rucica-parkirne-kocnice-za-cfmoto-cf-moto-goes-terrox","title":{"rendered":"Ru\u010dica parkirne ko\u010dnice za CFMOTO CF MOTO GOES TERROX"},"content":{"rendered":"","protected":false},"excerpt":{"rendered":"<p><strong>\u0160ifra proizvoda:<\/strong> 7020-083010<\/p>\n<p><strong>Karakteristike:<\/strong><\/p>\n<ul>\n<li>Omogu\u0107uje pouzdano i sigurno aktiviranje parkirne ko\u010dnice.<\/li>\n<li>Izra\u0111ena od visokokvalitetnih materijala za dugotrajnost i otpornost na habanje.<\/li>\n<li>Precizno pristajanje na navedene modele, olak\u0161avaju\u0107i instalacij<\/li>\n<\/ul>\n","protected":false},"featured_media":4423,"template":"","meta":[],"product_brand":[],"product_cat":[212],"product_tag":[],"class_list":{"0":"post-4422","1":"product","2":"type-product","3":"status-publish","4":"has-post-thumbnail","6":"product_cat-sasija-cfmoto","8":"first","9":"onbackorder","10":"taxable","11":"shipping-taxable","12":"purchasable","13":"product-type-simple"},"_links":{"self":[{"href":"https:\/\/motoshopextreme.ba\/index.php?rest_route=\/wp\/v2\/product\/4422","targetHints":{"allow":["GET"]}}],"collection":[{"href":"https:\/\/motoshopextreme.ba\/index.php?rest_route=\/wp\/v2\/product"}],"about":[{"href":"https:\/\/motoshopextreme.ba\/index.php?rest_route=\/wp\/v2\/types\/product"}],"wp:featuredmedia":[{"embeddable":true,"href":"https:\/\/motoshopextreme.ba\/index.php?rest_route=\/wp\/v2\/media\/4423"}],"wp:attachment":[{"href":"https:\/\/motoshopextreme.ba\/index.php?rest_route=%2Fwp%2Fv2%2Fmedia&parent=4422"}],"wp:term":[{"taxonomy":"product_brand","embeddable":true,"href":"https:\/\/motoshopextreme.ba\/index.php?rest_route=%2Fwp%2Fv2%2Fproduct_brand&post=4422"},{"taxonomy":"product_cat","embeddable":true,"href":"https:\/\/motoshopextreme.ba\/index.php?rest_route=%2Fwp%2Fv2%2Fproduct_cat&post=4422"},{"taxonomy":"product_tag","embeddable":true,"href":"https:\/\/motoshopextreme.ba\/index.php?rest_route=%2Fwp%2Fv2%2Fproduct_tag&post=4422"}],"curies":[{"name":"wp","href":"https:\/\/api.w.org\/{rel}","templated":true}]}}